{"id":9,"date":"2013-09-23T19:15:45","date_gmt":"2013-09-23T17:15:45","guid":{"rendered":"http:\/\/natural-barfood.de\/wp\/?page_id=9"},"modified":"2025-03-03T16:05:01","modified_gmt":"2025-03-03T14:05:01","slug":"team","status":"publish","type":"page","link":"https:\/\/natural-barfood.de\/?page_id=9","title":{"rendered":"Team"},"content":{"rendered":"<p>Im Jahre 2012 entschieden sich Susanne Wenson und Susann Levin in Ihrem Berufsleben eine neue und sinnvolle Richtung einzuschlagen.<\/p>\n<p>Da in beider Leben Hunde und Katzen schon immer eine gro\u00dfe Rolle spielen und ihnen die Ern\u00e4hrung und Gesundheit Ihrer Tiere immer wichtig ist,<br \/>\ner\u00f6ffneten sie im August 2012 ihren BARF-Shop Natural &amp; B.A.R.F.ood.<br \/>\nAmy, der es mit Ihrer Futtermittelallergie jetzt viel besser geht und Nino, der nichts toller findet als Frischfleisch im Napf, sind mit dieser Entscheidung sehr gl\u00fccklich. Auch unser j\u00fcngster Neuzugang Edda kann Ihr Gl\u00fcck kaum fassen! Vom Tierheim kommend ist sie direkt im Futterparadies gelandet.<\/p>\n<p><a href=\"http:\/\/natural-barfood.de\/wp-content\/uploads\/2015\/06\/Foto.jpg\"><img loading=\"lazy\" class=\"alignnone size-medium wp-image-134\" src=\"http:\/\/natural-barfood.de\/wp-content\/uploads\/2015\/06\/Foto-300x225.jpg\" alt=\"Foto\" width=\"300\" height=\"225\" srcset=\"https:\/\/natural-barfood.de\/wp-content\/uploads\/2015\/06\/Foto-300x225.jpg 300w, https:\/\/natural-barfood.de\/wp-content\/uploads\/2015\/06\/Foto-1024x768.jpg 1024w\" sizes=\"(max-width: 300px) 100vw, 300px\" \/><\/a><\/p>\n<p>&nbsp;<\/p>\n","protected":false},"excerpt":{"rendered":"<p>Im Jahre 2012 entschieden sich Susanne Wenson und Susann Levin in Ihrem Berufsleben eine neue und sinnvolle Richtung einzuschlagen. Da in beider Leben Hunde und &hellip;<\/p>\n","protected":false},"author":1,"featured_media":113,"parent":0,"menu_order":0,"comment_status":"open","ping_status":"open","template":"","meta":[],"_links":{"self":[{"href":"https:\/\/natural-barfood.de\/index.php?rest_route=\/wp\/v2\/pages\/9"}],"collection":[{"href":"https:\/\/natural-barfood.de\/index.php?rest_route=\/wp\/v2\/pages"}],"about":[{"href":"https:\/\/natural-barfood.de\/index.php?rest_route=\/wp\/v2\/types\/page"}],"author":[{"embeddable":true,"href":"https:\/\/natural-barfood.de\/index.php?rest_route=\/wp\/v2\/users\/1"}],"replies":[{"embeddable":true,"href":"https:\/\/natural-barfood.de\/index.php?rest_route=%2Fwp%2Fv2%2Fcomments&post=9"}],"version-history":[{"count":7,"href":"https:\/\/natural-barfood.de\/index.php?rest_route=\/wp\/v2\/pages\/9\/revisions"}],"predecessor-version":[{"id":449,"href":"https:\/\/natural-barfood.de\/index.php?rest_route=\/wp\/v2\/pages\/9\/revisions\/449"}],"wp:featuredmedia":[{"embeddable":true,"href":"https:\/\/natural-barfood.de\/index.php?rest_route=\/wp\/v2\/media\/113"}],"wp:attachment":[{"href":"https:\/\/natural-barfood.de\/index.php?rest_route=%2Fwp%2Fv2%2Fmedia&parent=9"}],"curies":[{"name":"wp","href":"https:\/\/api.w.org\/{rel}","templated":true}]}}