{"id":7,"date":"2013-09-23T19:15:31","date_gmt":"2013-09-23T17:15:31","guid":{"rendered":"http:\/\/natural-barfood.de\/wp\/?page_id=7"},"modified":"2025-03-03T15:42:10","modified_gmt":"2025-03-03T13:42:10","slug":"service","status":"publish","type":"page","link":"https:\/\/natural-barfood.de\/?page_id=7","title":{"rendered":"Service"},"content":{"rendered":"<p><span style=\"color: #003300;\"><strong>Unser Service f\u00fcr Sie:<\/strong><\/span><br \/>\n<span style=\"color: #003300;\"><strong>Wir portionieren das Futter f\u00fcr Ihren Liebling bedarfsgerecht.<\/strong><\/span><\/p>\n<p>Bei unseren Sortimentspreisen handelt es sich um Kilopreise.<\/p>\n<p>F\u00fcr Portionsgr\u00f6\u00dfen<\/p>\n<ul>\n<li>unter 250g berechnen wir einen Aufschlag von 20 Cent und<\/li>\n<li>unter 500g berechnen wir einen Aufschlag von 10 Cent pro Verpackung<\/li>\n<\/ul>\n<p>F\u00fcr Portionsgr\u00f6\u00dfen ab 500g gilt der angegebene Kilopreis.<\/p>\n<p>Unser Angebot f\u00fcr Gro\u00dfabnehmer:<\/p>\n<ul>\n<li>ab 5kg einer Fleischsorte unportioniert gew\u00e4hren wir einen Discount von 5% und<\/li>\n<li>ab 10kg einer Fleischsorte unportioniert gew\u00e4hren wir einen Discount von 10%.<\/li>\n<\/ul>\n<p>F\u00fcr Sondermischungen, abweichend von unserem Standardsortiment berechnen wir einen Aufschlag von 2\u20ac pro Anmischung.<br \/>\nGern nehmen wir Ihre Vorbestellung telefonisch oder per E-Mail entgegen.<br \/>\nBitte beachten Sie,<\/p>\n<ul>\n<li>dass Vorbestellungen f\u00fcr Montags, Dienstags und Mittwochs sp\u00e4testens am Donnerstag der Vorwoche um 18:00 Uhr und<\/li>\n<li>das Vorbestellungen f\u00fcr Donnerstags, Freitags und Samstags sp\u00e4testens am Montag der gleichen Woche um 18:00 Uhr<\/li>\n<\/ul>\n<p>bei uns eingegangen sein m\u00fcssen.<\/p>\n","protected":false},"excerpt":{"rendered":"<p>Unser Service f\u00fcr Sie: Wir portionieren das Futter f\u00fcr Ihren Liebling bedarfsgerecht. Bei unseren Sortimentspreisen handelt es sich um Kilopreise. F\u00fcr Portionsgr\u00f6\u00dfen unter 250g berechnen &hellip;<\/p>\n","protected":false},"author":1,"featured_media":113,"parent":0,"menu_order":0,"comment_status":"open","ping_status":"open","template":"","meta":[],"_links":{"self":[{"href":"https:\/\/natural-barfood.de\/index.php?rest_route=\/wp\/v2\/pages\/7"}],"collection":[{"href":"https:\/\/natural-barfood.de\/index.php?rest_route=\/wp\/v2\/pages"}],"about":[{"href":"https:\/\/natural-barfood.de\/index.php?rest_route=\/wp\/v2\/types\/page"}],"author":[{"embeddable":true,"href":"https:\/\/natural-barfood.de\/index.php?rest_route=\/wp\/v2\/users\/1"}],"replies":[{"embeddable":true,"href":"https:\/\/natural-barfood.de\/index.php?rest_route=%2Fwp%2Fv2%2Fcomments&post=7"}],"version-history":[{"count":33,"href":"https:\/\/natural-barfood.de\/index.php?rest_route=\/wp\/v2\/pages\/7\/revisions"}],"predecessor-version":[{"id":447,"href":"https:\/\/natural-barfood.de\/index.php?rest_route=\/wp\/v2\/pages\/7\/revisions\/447"}],"wp:featuredmedia":[{"embeddable":true,"href":"https:\/\/natural-barfood.de\/index.php?rest_route=\/wp\/v2\/media\/113"}],"wp:attachment":[{"href":"https:\/\/natural-barfood.de\/index.php?rest_route=%2Fwp%2Fv2%2Fmedia&parent=7"}],"curies":[{"name":"wp","href":"https:\/\/api.w.org\/{rel}","templated":true}]}}