{"id":4,"date":"2013-09-23T19:14:58","date_gmt":"2013-09-23T17:14:58","guid":{"rendered":"http:\/\/natural-barfood.de\/wp\/?page_id=4"},"modified":"2026-03-05T19:53:06","modified_gmt":"2026-03-05T17:53:06","slug":"sortiment","status":"publish","type":"page","link":"https:\/\/natural-barfood.de\/?page_id=4","title":{"rendered":"Sortiment"},"content":{"rendered":"<h2>Artgerechte Ern\u00e4hrung f\u00fcr ein gesundes Leben<\/h2>\n<p>Unser Service f\u00fcr Sie:<\/p>\n<p>Wir portionieren das Futter f\u00fcr Ihren Liebling bedarfsgerecht.<\/p>\n<p>F\u00fcr Portionsgr\u00f6\u00dfen<\/p>\n<ul>\n<li>unter 250g berechnen wir einen Aufschlag von 20 Cent und<\/li>\n<li>unter 500g berechnen wir einen Aufschlag von 10 Cent pro Verpackung.<\/li>\n<\/ul>\n<p>F\u00fcr Portionsgr\u00f6\u00dfen ab 500g gilt der angegebene Kilopreis.<\/p>\n<p>Unser Angebot f\u00fcr Gro\u00dfabnehmer:<\/p>\n<ul>\n<li>ab 5kg einer Fleischsorte unportioniert gew\u00e4hren wir einen Discount von 5% und<\/li>\n<li>ab 10kg einer Fleischsorte unportioniert gew\u00e4hren wir einen Discount von 10%.<\/li>\n<\/ul>\n<p>F\u00fcr Sondermischungen, abweichend von unserem Standardsortiment berechnen wir einen Aufschlag von 2\u20ac pro Anmischung.<\/p>\n<table class=\"sortiment\">\n<tbody>\n<tr class=\"even\">\n<th>Rind<\/th>\n<th>\u20ac\/kg<\/th>\n<\/tr>\n<tr>\n<td class=\"produktTbl\">Rinder Mix durchwachsen<\/td>\n<td>6,99 \u20ac<\/td>\n<\/tr>\n<tr class=\"even\">\n<td class=\"produktTbl\">Rinder Mix durchwachsen mit Gem\u00fcse<\/td>\n<td>6,99 \u20ac<\/td>\n<\/tr>\n<tr>\n<td class=\"produktTbl\">Rinder Mix mager<\/td>\n<td>7,99 \u20ac<\/td>\n<\/tr>\n<tr class=\"even\">\n<td class=\"produktTbl\">Rinder Mix mager mit Gem\u00fcse<\/td>\n<td>7,99 \u20ac<\/td>\n<\/tr>\n<tr>\n<td class=\"produktTbl\">Rindfleisch durchwachsen<\/td>\n<td>8,50 \u20ac<\/td>\n<\/tr>\n<tr class=\"even\">\n<td class=\"produktTbl\">Rindfleisch mager<\/td>\n<td>9,99 \u20ac<\/td>\n<\/tr>\n<tr>\n<td class=\"produktTbl\">Pansen gr\u00fcn<\/td>\n<td>5,99 \u20ac<\/td>\n<\/tr>\n<tr class=\"even\">\n<td class=\"produktTbl\">Bl\u00e4ttermagen<\/td>\n<td>5,99 \u20ac<\/td>\n<\/tr>\n<tr>\n<td class=\"produktTbl\">Rinderherz (wie gewachsen)<\/td>\n<td>6,99 \u20ac<\/td>\n<\/tr>\n<tr class=\"even\">\n<td class=\"produktTbl\">Rinderleber<\/td>\n<td>5,99 \u20ac<\/td>\n<\/tr>\n<tr>\n<td class=\"produktTbl\">Rinderlunge<\/td>\n<td>5,99 \u20ac<\/td>\n<\/tr>\n<tr class=\"even\">\n<td class=\"produktTbl\">Euter<\/td>\n<td>5,99 \u20ac<\/td>\n<\/tr>\n<tr>\n<td class=\"produktTbl\">Knorpel<\/td>\n<td>5,99 \u20ac<\/td>\n<\/tr>\n<tr class=\"even\">\n<td class=\"produktTbl\">Luftr\u00f6hre vom Rind<\/td>\n<td>5,99 \u20ac<\/td>\n<\/tr>\n<tr>\n<td class=\"produktTbl\">Beinscheiben vom Rind<\/td>\n<td>6,99 \u20ac<\/td>\n<\/tr>\n<tr class=\"even\">\n<td class=\"produktTbl\">Fleischknochen vom Rind<\/td>\n<td>5,99 \u20ac<\/td>\n<\/tr>\n<tr>\n<td class=\"produktTbl\">Knorpelleiste vom Rind<\/td>\n<td>5,99 \u20ac<\/td>\n<\/tr>\n<tr class=\"even\">\n<td class=\"produktTbl\">Markknochen vom Rind<\/td>\n<td>5,99 \u20ac<\/td>\n<\/tr>\n<tr>\n<td class=\"produktTbl\">Sandknochen vom Rind<\/td>\n<td>5,99 \u20ac<\/td>\n<\/tr>\n<tr class=\"even\">\n<td class=\"produktTbl\">Spachtel<\/td>\n<td>5,99 \u20ac<\/td>\n<\/tr>\n<\/tbody>\n<\/table>\n<table class=\"sortiment\">\n<tbody>\n<tr class=\"even\">\n<th>Gefl\u00fcgel<\/th>\n<th>\u20ac\/kg<\/th>\n<\/tr>\n<tr>\n<td class=\"produktTbl\">Gefl\u00fcgel Mix<\/td>\n<td>7,99 \u20ac<\/td>\n<\/tr>\n<tr class=\"even\">\n<td class=\"produktTbl\">Gefl\u00fcgel Mix mit Gem\u00fcse<\/td>\n<td>7,99 \u20ac<\/td>\n<\/tr>\n<tr>\n<td class=\"produktTbl\">Putenfleischabschnitte<\/td>\n<td>11,99 \u20ac<\/td>\n<\/tr>\n<tr class=\"even\">\n<td class=\"produktTbl\">H\u00fchnerh\u00e4lse<\/td>\n<td>4,99 \u20ac<\/td>\n<\/tr>\n<tr>\n<td class=\"produktTbl\">H\u00fchnerherzen<\/td>\n<td>6,99 \u20ac<\/td>\n<\/tr>\n<tr class=\"even\">\n<td class=\"produktTbl\">H\u00fchnerm\u00e4gen<\/td>\n<td>5,99 \u20ac<\/td>\n<\/tr>\n<tr>\n<td class=\"produktTbl\">Putenh\u00e4lse<\/td>\n<td>6,99 \u20ac<\/td>\n<\/tr>\n<\/tbody>\n<\/table>\n<table class=\"sortiment\">\n<tbody>\n<tr class=\"even\">\n<th>Lamm<\/th>\n<th>\u20ac\/kg<\/th>\n<\/tr>\n<tr>\n<td class=\"produktTbl\">Lamm Mix<\/td>\n<td>11,99 \u20ac<\/td>\n<\/tr>\n<tr class=\"even\">\n<td class=\"produktTbl\">Lamm Mix mit Gem\u00fcse<\/td>\n<td>11,50 \u20ac<\/td>\n<\/tr>\n<tr>\n<td class=\"produktTbl\">Lammfleisch<\/td>\n<td>14,99 \u20ac<\/td>\n<\/tr>\n<tr class=\"even\">\n<td class=\"produktTbl\">Lammfleisch mit Gem\u00fcse<\/td>\n<td>14,50 \u20ac<\/td>\n<\/tr>\n<tr>\n<td class=\"produktTbl\">Lammrippchen<\/td>\n<td>5,99 \u20ac<\/td>\n<\/tr>\n<\/tbody>\n<\/table>\n<table class=\"sortiment\">\n<tbody>\n<tr class=\"even\">\n<th>Wild<\/th>\n<th>\u20ac\/kg<\/th>\n<\/tr>\n<tr>\n<td class=\"produktTbl\">Wildfleisch<\/td>\n<td>8,99 \u20ac<\/td>\n<\/tr>\n<tr class=\"even\">\n<td class=\"produktTbl\">Wildfleisch mit Gem\u00fcse<\/td>\n<td>8,50 \u20ac<\/td>\n<\/tr>\n<tr>\n<td class=\"produktTbl\">Wildknochen<\/td>\n<td>5,99 \u20ac<\/td>\n<\/tr>\n<\/tbody>\n<\/table>\n<table class=\"sortiment\">\n<tbody>\n<tr class=\"even\">\n<th>Pferd<\/th>\n<th>\u20ac\/kg<\/th>\n<\/tr>\n<tr>\n<td class=\"produktTbl\">Pferdefleisch<\/td>\n<td>12,99 \u20ac<\/td>\n<\/tr>\n<tr class=\"even\">\n<td class=\"produktTbl\">Pferdefleisch mit Gem\u00fcse<\/td>\n<td>12,50 \u20ac<\/td>\n<\/tr>\n<\/tbody>\n<\/table>\n<p>Stand 1. November 2025, Preis\u00e4nderungen vorbehalten<\/p>\n","protected":false},"excerpt":{"rendered":"<p>Artgerechte Ern\u00e4hrung f\u00fcr ein gesundes Leben Unser Service f\u00fcr Sie: Wir portionieren das Futter f\u00fcr Ihren Liebling bedarfsgerecht. F\u00fcr Portionsgr\u00f6\u00dfen unter 250g berechnen wir einen &hellip;<\/p>\n","protected":false},"author":1,"featured_media":114,"parent":0,"menu_order":0,"comment_status":"open","ping_status":"open","template":"","meta":[],"_links":{"self":[{"href":"https:\/\/natural-barfood.de\/index.php?rest_route=\/wp\/v2\/pages\/4"}],"collection":[{"href":"https:\/\/natural-barfood.de\/index.php?rest_route=\/wp\/v2\/pages"}],"about":[{"href":"https:\/\/natural-barfood.de\/index.php?rest_route=\/wp\/v2\/types\/page"}],"author":[{"embeddable":true,"href":"https:\/\/natural-barfood.de\/index.php?rest_route=\/wp\/v2\/users\/1"}],"replies":[{"embeddable":true,"href":"https:\/\/natural-barfood.de\/index.php?rest_route=%2Fwp%2Fv2%2Fcomments&post=4"}],"version-history":[{"count":72,"href":"https:\/\/natural-barfood.de\/index.php?rest_route=\/wp\/v2\/pages\/4\/revisions"}],"predecessor-version":[{"id":464,"href":"https:\/\/natural-barfood.de\/index.php?rest_route=\/wp\/v2\/pages\/4\/revisions\/464"}],"wp:featuredmedia":[{"embeddable":true,"href":"https:\/\/natural-barfood.de\/index.php?rest_route=\/wp\/v2\/media\/114"}],"wp:attachment":[{"href":"https:\/\/natural-barfood.de\/index.php?rest_route=%2Fwp%2Fv2%2Fmedia&parent=4"}],"curies":[{"name":"wp","href":"https:\/\/api.w.org\/{rel}","templated":true}]}}